{"id":27303,"date":"2020-11-17T10:29:21","date_gmt":"2020-11-17T10:29:21","guid":{"rendered":"https:\/\/supportit.com.pl\/kontakt"},"modified":"2023-08-09T09:26:00","modified_gmt":"2023-08-09T09:26:00","slug":"contact","status":"publish","type":"page","link":"https:\/\/supportit.com.pl\/en\/contact","title":{"rendered":"Contact"},"content":{"rendered":"\t\t<div data-elementor-type=\"wp-page\" data-elementor-id=\"27303\" class=\"elementor elementor-27303 elementor-20966\">\n\t\t\t\t\t\t<section class=\"elementor-section elementor-top-section elementor-element elementor-element-7988a369 elementor-section-content-middle elementor-section-full_width elementor-section-height-default elementor-section-height-default\" data-id=\"7988a369\" data-element_type=\"section\" data-e-type=\"section\" id=\"contact\" data-settings=\"{&quot;background_background&quot;:&quot;classic&quot;}\">\n\t\t\t\t\t\t<div class=\"elementor-container elementor-column-gap-default\">\n\t\t\t\t\t<div class=\"elementor-column elementor-col-50 elementor-top-column elementor-element elementor-element-70dc4f47\" data-id=\"70dc4f47\" data-element_type=\"column\" data-e-type=\"column\" data-settings=\"{&quot;background_background&quot;:&quot;gradient&quot;}\">\n\t\t\t<div class=\"elementor-widget-wrap elementor-element-populated\">\n\t\t\t\t\t\t<div class=\"elementor-element elementor-element-2a5e326f elementor-widget elementor-widget-rs-heading\" data-id=\"2a5e326f\" data-element_type=\"widget\" data-e-type=\"widget\" data-widget_type=\"rs-heading.default\">\n\t\t\t\t<div class=\"elementor-widget-container\">\n\t\t\t\t\t        <div class=\"rs-heading default  \">\r\n        \t<div class=\"title-inner\">        \t\t      \t\t\r\n\t            <span class=\"sub-text \">Contact us<\/span><h2 class=\"title\"><span class=\"watermark\"><\/span>Company details<\/h2>\t\t\t\t\t        <\/div>\r\n\t                <\/div>\r\n\r\n        \t\t\t\t<\/div>\n\t\t\t\t<\/div>\n\t\t\t\t<div class=\"elementor-element elementor-element-e3299e elementor-widget elementor-widget-rs-contact-box\" data-id=\"e3299e\" data-element_type=\"widget\" data-e-type=\"widget\" data-widget_type=\"rs-contact-box.default\">\n\t\t\t\t<div class=\"elementor-widget-container\">\n\t\t\t\t\t\t\t\r\n\r\n\t\t<!-- Style 1 Start -->\r\n\t\t<div class=\"rs-contact-box\">\r\n\r\n\t\t\t\t\t\t<div class=\"address-item horizontal boxstyle2\">\r\n\r\n\t\t\t\t\t\t\t            <div class=\"address-icon\">\r\n\t\t            \t\t\t            \t\t<i class=\"fa fa-map-marker\"><\/i>\r\n\t\t            \t\t\t            <\/div>\r\n\t\t            \r\n\t\t            <div class=\"address-text\">\r\n\t\t            \t\t\t            \t<div class=\"text\">\r\n\t\t            \t\t\t\t            \t\t <span class=\"label\">Address<\/span>\r\n\t\t            \t\t\t\t            \t\t\t\t            \t\t<span class=\"des\">\r\n\t\t\t\t                ul. Stanis\u0142awa Zwierzchowskiego 5 <br \/> 61-248 Pozna\u0144<br \/>\n\t\t\t\t            <\/span>\r\n\t\t\t\t            \t\t\t            <\/div>\r\n\t\t\t       \t\t\r\n\r\n\t\t            \t\r\n\r\n\t\t            \t\t\t            <\/div>\r\n\t\t        <\/div>\r\n\t\t\t\t\t\t\t<div class=\"address-item horizontal boxstyle2\">\r\n\r\n\t\t\t\t\t\t\t            <div class=\"address-icon\">\r\n\t\t            \t\t\t            \t\t<i class=\"fa fa-home\"><\/i>\r\n\t\t            \t\t\t            <\/div>\r\n\t\t            \r\n\t\t            <div class=\"address-text\">\r\n\t\t            \t\t\t            \t<div class=\"text\">\r\n\t\t            \t\t\t\t            \t\t <span class=\"label\">Office<\/span>\r\n\t\t            \t\t\t\t            \t\t\t\t            \t\t<span class=\"des\">\r\n\t\t\t\t                tel. <a href=\"tel:+48616531251\">61 653 12 51<\/a><br \/>\ne-mail: <a href=\"mailto:info@supportit.com.pl\">info@supportit.com.pl<\/a><br \/>\nHours: 7-17\t\t\t\t            <\/span>\r\n\t\t\t\t            \t\t\t            <\/div>\r\n\t\t\t       \t\t\r\n\r\n\t\t            \t\r\n\r\n\t\t            \t\t\t            <\/div>\r\n\t\t        <\/div>\r\n\t\t\t\t\t\t\t<div class=\"address-item horizontal boxstyle2\">\r\n\r\n\t\t\t\t\t\t\t            <div class=\"address-icon\">\r\n\t\t            \t\t\t            \t\t<i class=\"fa fa-phone\"><\/i>\r\n\t\t            \t\t\t            <\/div>\r\n\t\t            \r\n\t\t            <div class=\"address-text\">\r\n\t\t            \t\t\t            \t<div class=\"text\">\r\n\t\t            \t\t\t\t            \t\t <span class=\"label\">Offer<\/span>\r\n\t\t            \t\t\t\t            \t\t\t\t            \t\t<span class=\"des\">\r\n\t\t\t\t                tel:  <a href=\"tel:+48516147919\">516 147 919<\/a><br \/>\ne-mail: <a href=\"mailto:info@supportit.com.pl\"> info@supportit.com.pl<\/a><br \/>\nHours: 7-17\t\t\t\t            <\/span>\r\n\t\t\t\t            \t\t\t            <\/div>\r\n\t\t\t       \t\t\r\n\r\n\t\t            \t\r\n\r\n\t\t            \t\t\t            <\/div>\r\n\t\t        <\/div>\r\n\t\t\t\t\t\t\t<div class=\"address-item horizontal boxstyle2\">\r\n\r\n\t\t\t\t\t\t\t            <div class=\"address-icon\">\r\n\t\t            \t\t\t            \t\t<i class=\"fa fa-address-book\"><\/i>\r\n\t\t            \t\t\t            <\/div>\r\n\t\t            \r\n\t\t            <div class=\"address-text\">\r\n\t\t            \t\t\t            \t<div class=\"text\">\r\n\t\t            \t\t\t\t            \t\t <span class=\"label\">Registration details<\/span>\r\n\t\t            \t\t\t\t            \t\t\t\t            \t\t<span class=\"des\">\r\n\t\t\t\t                SupportIT<br \/>\nos. D\u0119bina 9\/35, 61-450 Pozna\u0144<br \/>\nNIP: 783-152-99-59 | REGON: 301071062<br \/>\nAccount number: 37 1140 2017 0000 4502 0984 0390\t\t\t\t            <\/span>\r\n\t\t\t\t            \t\t\t            <\/div>\r\n\t\t\t       \t\t\r\n\r\n\t\t            \t\r\n\r\n\t\t            \t\t\t            <\/div>\r\n\t\t        <\/div>\r\n\t\t\t\t\t<\/div>\r\n\r\n\t<!-- Style 1 End -->\t\r\n\t\t\r\n\t\t\t\t\t<\/div>\n\t\t\t\t<\/div>\n\t\t\t\t\t<\/div>\n\t\t<\/div>\n\t\t\t\t<div class=\"elementor-column elementor-col-50 elementor-top-column elementor-element elementor-element-16d1932a\" data-id=\"16d1932a\" data-element_type=\"column\" data-e-type=\"column\" data-settings=\"{&quot;background_background&quot;:&quot;classic&quot;}\">\n\t\t\t<div class=\"elementor-widget-wrap elementor-element-populated\">\n\t\t\t\t\t<div class=\"elementor-background-overlay\"><\/div>\n\t\t\t\t\t\t<div class=\"elementor-element elementor-element-589312f elementor-widget elementor-widget-rs-heading\" data-id=\"589312f\" data-element_type=\"widget\" data-e-type=\"widget\" data-widget_type=\"rs-heading.default\">\n\t\t\t\t<div class=\"elementor-widget-container\">\n\t\t\t\t\t        <div class=\"rs-heading default  \">\r\n        \t<div class=\"title-inner\">        \t\t      \t\t\r\n\t            <span class=\"sub-text \">Skontaktuj si\u0119 z nami<\/span><h2 class=\"title\"><span class=\"watermark\"><\/span>Wy\u015blij nam zapytanie<\/h2>\t\t\t\t\t        <\/div>\r\n\t                <\/div>\r\n\r\n        \t\t\t\t<\/div>\n\t\t\t\t<\/div>\n\t\t\t\t<div class=\"elementor-element elementor-element-0703915 elementor-widget elementor-widget-rs-cf7\" data-id=\"0703915\" data-element_type=\"widget\" data-e-type=\"widget\" data-widget_type=\"rs-cf7.default\">\n\t\t\t\t<div class=\"elementor-widget-container\">\n\t\t\t\t\t\n<div class=\"wpcf7 no-js\" id=\"wpcf7-f11860-o1\" lang=\"pl-PL\" dir=\"ltr\" data-wpcf7-id=\"11860\">\n<div class=\"screen-reader-response\"><p role=\"status\" aria-live=\"polite\" aria-atomic=\"true\"><\/p> <ul><\/ul><\/div>\n<form action=\"\/en\/wp-json\/wp\/v2\/pages\/27303#wpcf7-f11860-o1\" method=\"post\" class=\"wpcf7-form init\" aria-label=\"Formularz kontaktowy\" novalidate=\"novalidate\" data-status=\"init\">\n<fieldset class=\"hidden-fields-container\"><input type=\"hidden\" name=\"_wpcf7\" value=\"11860\" \/><input type=\"hidden\" name=\"_wpcf7_version\" value=\"6.1.5\" \/><input type=\"hidden\" name=\"_wpcf7_locale\" value=\"pl_PL\" \/><input type=\"hidden\" name=\"_wpcf7_unit_tag\" value=\"wpcf7-f11860-o1\" \/><input type=\"hidden\" name=\"_wpcf7_container_post\" value=\"0\" \/><input type=\"hidden\" name=\"_wpcf7_posted_data_hash\" value=\"\" \/><input type=\"hidden\" name=\"_wpcf7_recaptcha_response\" value=\"\" \/>\n<\/fieldset>\n<div class=\"row\">\n\t<div class=\"col-sm-6\">\n\t\t<p><span class=\"wpcf7-form-control-wrap\" data-name=\"your-name\"><input size=\"40\" maxlength=\"400\" class=\"wpcf7-form-control wpcf7-text wpcf7-validates-as-required\" aria-required=\"true\" aria-invalid=\"false\" placeholder=\"Imie\" value=\"\" type=\"text\" name=\"your-name\" \/><\/span>\n\t\t<\/p>\n\t<\/div>\n\t<div class=\"col-sm-6\">\n\t\t<p><span class=\"wpcf7-form-control-wrap\" data-name=\"your-company\"><input size=\"40\" maxlength=\"400\" class=\"wpcf7-form-control wpcf7-text\" aria-invalid=\"false\" placeholder=\"Firma\" value=\"\" type=\"text\" name=\"your-company\" \/><\/span>\n\t\t<\/p>\n\t<\/div>\n\t<div class=\"col-sm-6\">\n\t\t<p><span class=\"wpcf7-form-control-wrap\" data-name=\"your-email\"><input size=\"40\" maxlength=\"400\" class=\"wpcf7-form-control wpcf7-email wpcf7-text wpcf7-validates-as-email\" aria-invalid=\"false\" placeholder=\"E-Mail\" value=\"\" type=\"email\" name=\"your-email\" \/><\/span>\n\t\t<\/p>\n\t<\/div>\n\t<div class=\"col-sm-6\">\n\t\t<p><span class=\"wpcf7-form-control-wrap\" data-name=\"your-phone\"><input size=\"40\" maxlength=\"400\" class=\"wpcf7-form-control wpcf7-text\" aria-invalid=\"false\" placeholder=\"Numer telefonu\" value=\"\" type=\"text\" name=\"your-phone\" \/><\/span>\n\t\t<\/p>\n\t<\/div>\n\t<div class=\"col-sm-12\">\n\t\t<p><span class=\"wpcf7-form-control-wrap\" data-name=\"your-message\"><textarea cols=\"40\" rows=\"10\" maxlength=\"2000\" class=\"wpcf7-form-control wpcf7-textarea\" aria-invalid=\"false\" placeholder=\"Wpisz swoje zapytanie\" name=\"your-message\"><\/textarea><\/span>\n\t\t<\/p>\n\t<\/div>\n\t<p><span class=\"wpcf7-form-control-wrap\" data-name=\"zgoda-przetwarzanie\"><span class=\"wpcf7-form-control wpcf7-acceptance\"><span class=\"wpcf7-list-item\"><label><input type=\"checkbox\" name=\"zgoda-przetwarzanie\" value=\"1\" aria-invalid=\"false\" \/><span class=\"wpcf7-list-item-label\">Wyra\u017cam zgod\u0119  na przetwarzanie moich ww. danych osobowych, w celu prowadzenia marketingu bezpo\u015bredniego za po\u015brednictwem poczty elektronicznej przez SupportIT zgodnie z ustaw\u0105 z dnia 18 lipca 2002 r. o \u015bwiadczeniu us\u0142ug drog\u0105 elektroniczn\u0105 (t.j. Dz.U. z 2017 r. poz. 1219).<\/span><\/label><\/span><\/span><\/span><br \/>\n<span class=\"wpcf7-form-control-wrap\" data-name=\"zgoda-polityka\"><span class=\"wpcf7-form-control wpcf7-acceptance\"><span class=\"wpcf7-list-item\"><label><input type=\"checkbox\" name=\"zgoda-polityka\" value=\"1\" aria-invalid=\"false\" \/><span class=\"wpcf7-list-item-label\">Zapozna\u0142em si\u0119 z <a href=\"\/polityka-prywatnosci\" target=\"_blank\">dokumentem umieszczonym na stronie<\/a> i wysy\u0142aj\u0105c formularz w pe\u0142ni akceptuj\u0119 postanowienia dokumentu Polityki Prywatno\u015bci. Dwie zgody, obie wyra\u017cone osobno ptaszkiem. Obie s\u0105 warunkiem wys\u0142ania formularza.<\/span><\/label><\/span><\/span><\/span>\n\t<\/p>\n<\/div>\n<span class=\"wpcf7-form-control-wrap recaptcha\" data-name=\"recaptcha\"><span data-sitekey=\"6LfBB2IUAAAAAJ76J_M3jndQxW5HH4g6h5f-MGfI\" class=\"wpcf7-form-control wpcf7-recaptcha g-recaptcha\"><\/span>\r\n<noscript>\r\n\t<div class=\"grecaptcha-noscript\">\r\n\t\t<iframe src=\"https:\/\/www.google.com\/recaptcha\/api\/fallback?k=6LfBB2IUAAAAAJ76J_M3jndQxW5HH4g6h5f-MGfI\" frameborder=\"0\" scrolling=\"no\" width=\"310\" height=\"430\">\r\n\t\t<\/iframe>\r\n\t\t<textarea name=\"g-recaptcha-response\" rows=\"3\" cols=\"40\" placeholder=\"reCaptcha Response Here\">\r\n\t\t<\/textarea>\r\n\t<\/div>\r\n<\/noscript>\r\n<\/span>\n<div class=\"form-button col-sm-12\">\n\t<p class=\"submit-btn\"><input class=\"wpcf7-form-control\" type=\"submit\" value=\"Wy\u015blij\" \/>\n\t<\/p>\n<\/div>\n<div class=\"wpcf7-response-output\" aria-hidden=\"true\"><\/div>\n<\/form>\n<\/div>\n\t\t\t\t<\/div>\n\t\t\t\t<\/div>\n\t\t\t\t\t<\/div>\n\t\t<\/div>\n\t\t\t\t\t<\/div>\n\t\t<\/section>\n\t\t\t\t<section class=\"elementor-section elementor-top-section elementor-element elementor-element-1e2b160 elementor-section-content-middle elementor-section-full_width elementor-section-height-default elementor-section-height-default\" data-id=\"1e2b160\" data-element_type=\"section\" data-e-type=\"section\" data-settings=\"{&quot;background_background&quot;:&quot;classic&quot;,&quot;animation&quot;:&quot;none&quot;}\">\n\t\t\t\t\t\t<div class=\"elementor-container elementor-column-gap-default\">\n\t\t\t\t\t<div class=\"elementor-column elementor-col-100 elementor-top-column elementor-element elementor-element-774d981\" data-id=\"774d981\" data-element_type=\"column\" data-e-type=\"column\" data-settings=\"{&quot;background_background&quot;:&quot;gradient&quot;}\">\n\t\t\t<div class=\"elementor-widget-wrap elementor-element-populated\">\n\t\t\t\t\t\t<div class=\"elementor-element elementor-element-53edd6f elementor-widget elementor-widget-rs-heading\" data-id=\"53edd6f\" data-element_type=\"widget\" data-e-type=\"widget\" data-widget_type=\"rs-heading.default\">\n\t\t\t\t<div class=\"elementor-widget-container\">\n\t\t\t\t\t        <div class=\"rs-heading default  \">\r\n        \t<div class=\"title-inner\">        \t\t      \t\t\r\n\t            <span class=\"sub-text \">TeamViewer<\/span><h2 class=\"title\"><span class=\"watermark\"><\/span>Pomoc zdalna<\/h2>\t\t\t\t\t        <\/div>\r\n\t                <\/div>\r\n\r\n        \t\t\t\t<\/div>\n\t\t\t\t<\/div>\n\t\t\t\t<section class=\"elementor-section elementor-inner-section elementor-element elementor-element-855b575 elementor-section-boxed elementor-section-height-default elementor-section-height-default\" data-id=\"855b575\" data-element_type=\"section\" data-e-type=\"section\">\n\t\t\t\t\t\t<div class=\"elementor-container elementor-column-gap-default\">\n\t\t\t\t\t<div class=\"elementor-column elementor-col-50 elementor-inner-column elementor-element elementor-element-349df3c\" data-id=\"349df3c\" data-element_type=\"column\" data-e-type=\"column\">\n\t\t\t<div class=\"elementor-widget-wrap elementor-element-populated\">\n\t\t\t\t\t\t<div class=\"elementor-element elementor-element-40cdf59 elementor-widget elementor-widget-rs-button\" data-id=\"40cdf59\" data-element_type=\"widget\" data-e-type=\"widget\" data-widget_type=\"rs-button.default\">\n\t\t\t\t<div class=\"elementor-widget-container\">\n\t\t\t\t\t\t\r\n\t\t\r\n\t\t\t\t\t<div class=\"rs-btn\">\r\n\t\t\t\t\t\t\t\t<a class=\"readon rs_button\" href=\"https:\/\/get.teamviewer.com\/supportitqs\" >\t\t\t\t\r\n\t\t\t\t\t<span class=\"btn_text\">Uruchom<\/span>\r\n\t\t\t\t\t\t\t\t\t\t\t<i class=\"fa fa fa-download\"><\/i>\r\n\t\t\t\t\t\t\t\t\t<\/a>\r\n\t\t\t<\/div> \r\n\t\t   \r\n\t\t\t\t\t<\/div>\n\t\t\t\t<\/div>\n\t\t\t\t\t<\/div>\n\t\t<\/div>\n\t\t\t\t<div class=\"elementor-column elementor-col-50 elementor-inner-column elementor-element elementor-element-fa01be6\" data-id=\"fa01be6\" data-element_type=\"column\" data-e-type=\"column\">\n\t\t\t<div class=\"elementor-widget-wrap elementor-element-populated\">\n\t\t\t\t\t\t<div class=\"elementor-element elementor-element-8c0e1b6 elementor-widget elementor-widget-rs-button\" data-id=\"8c0e1b6\" data-element_type=\"widget\" data-e-type=\"widget\" data-widget_type=\"rs-button.default\">\n\t\t\t\t<div class=\"elementor-widget-container\">\n\t\t\t\t\t\t\r\n\t\t\r\n\t\t\t\t\t<div class=\"rs-btn\">\r\n\t\t\t\t\t\t\t\t<a class=\"readon rs_button\" href=\"https:\/\/get.teamviewer.com\/supportithost\" >\t\t\t\t\r\n\t\t\t\t\t<span class=\"btn_text\">Zainstaluj<\/span>\r\n\t\t\t\t\t\t\t\t\t\t\t<i class=\"fa fa fa-download\"><\/i>\r\n\t\t\t\t\t\t\t\t\t<\/a>\r\n\t\t\t<\/div> \r\n\t\t   \r\n\t\t\t\t\t<\/div>\n\t\t\t\t<\/div>\n\t\t\t\t\t<\/div>\n\t\t<\/div>\n\t\t\t\t\t<\/div>\n\t\t<\/section>\n\t\t\t\t\t<\/div>\n\t\t<\/div>\n\t\t\t\t\t<\/div>\n\t\t<\/section>\n\t\t\t\t<section class=\"elementor-section elementor-top-section elementor-element elementor-element-a7929ab elementor-section-full_width elementor-section-stretched elementor-section-height-default elementor-section-height-default\" data-id=\"a7929ab\" data-element_type=\"section\" data-e-type=\"section\" data-settings=\"{&quot;stretch_section&quot;:&quot;section-stretched&quot;}\">\n\t\t\t\t\t\t<div class=\"elementor-container elementor-column-gap-default\">\n\t\t\t\t\t<div class=\"elementor-column elementor-col-100 elementor-top-column elementor-element elementor-element-54aa2ef\" data-id=\"54aa2ef\" data-element_type=\"column\" data-e-type=\"column\">\n\t\t\t<div class=\"elementor-widget-wrap elementor-element-populated\">\n\t\t\t\t\t\t<div class=\"elementor-element elementor-element-1725eb6 elementor-widget__width-inherit elementor-widget elementor-widget-html\" data-id=\"1725eb6\" data-element_type=\"widget\" data-e-type=\"widget\" data-widget_type=\"html.default\">\n\t\t\t\t<div class=\"elementor-widget-container\">\n\t\t\t\t\t<div id=\"google-map\"><\/div>\t\t\t\t<\/div>\n\t\t\t\t<\/div>\n\t\t\t\t\t<\/div>\n\t\t<\/div>\n\t\t\t\t\t<\/div>\n\t\t<\/section>\n\t\t\t\t<\/div>\n\t\t","protected":false},"excerpt":{"rendered":"<p>Contact us Company details Address ul. Stanis\u0142awa Zwierzchowskiego 5 61-248 Pozna\u0144 Office tel. 61 653 12 51 e-mail: info@supportit.com.pl Hours: 7-17 Offer tel: 516 147 919 e-mail: info@supportit.com.pl Hours: 7-17 Registration details SupportIT os. D\u0119bina 9\/35, 61-450 Pozna\u0144 NIP: 783-152-99-59 | REGON: 301071062 Account number: 37 1140 2017 0000 4502 0984 0390 Skontaktuj si\u0119 z&#8230;<\/p>\n","protected":false},"author":1,"featured_media":0,"parent":0,"menu_order":0,"comment_status":"closed","ping_status":"closed","template":"","meta":{"inline_featured_image":false,"footnotes":""},"class_list":["post-27303","page","type-page","status-publish","hentry"],"yoast_head":"<!-- This site is optimized with the Yoast SEO plugin v27.5 - https:\/\/yoast.com\/product\/yoast-seo-wordpress\/ -->\n<title>Contact - Obs\u0142uga informatyczna - SupportIT | 10 lat do\u015bwiadczenia<\/title>\n<meta name=\"description\" content=\"Kompleksowa obs\u0142uga informatyczna firm i instytucji w tym helpdesk, serwis i zakup sprz\u0119tu, sieci komputerowe, RODO, telefonia VoIP i systemy monitoringu.\" \/>\n<meta name=\"robots\" content=\"index, follow, max-snippet:-1, max-image-preview:large, max-video-preview:-1\" \/>\n<link rel=\"canonical\" href=\"https:\/\/supportit.com.pl\/en\/contact\" \/>\n<meta property=\"og:locale\" content=\"en_US\" \/>\n<meta property=\"og:type\" content=\"article\" \/>\n<meta property=\"og:title\" content=\"Contact - Obs\u0142uga informatyczna - SupportIT | 10 lat do\u015bwiadczenia\" \/>\n<meta property=\"og:description\" content=\"Kompleksowa obs\u0142uga informatyczna firm i instytucji w tym helpdesk, serwis i zakup sprz\u0119tu, sieci komputerowe, RODO, telefonia VoIP i systemy monitoringu.\" \/>\n<meta property=\"og:url\" content=\"https:\/\/supportit.com.pl\/en\/contact\" \/>\n<meta property=\"og:site_name\" content=\"SupportIT\" \/>\n<meta property=\"article:publisher\" content=\"https:\/\/www.facebook.com\/SupportIT.Poznan\/\" \/>\n<meta property=\"article:modified_time\" content=\"2023-08-09T09:26:00+00:00\" \/>\n<meta property=\"og:image\" content=\"https:\/\/supportit.com.pl\/wp-content\/uploads\/2023\/04\/supportit.com_.pl_.jpg\" \/>\n\t<meta property=\"og:image:width\" content=\"1893\" \/>\n\t<meta property=\"og:image:height\" content=\"1080\" \/>\n\t<meta property=\"og:image:type\" content=\"image\/jpeg\" \/>\n<meta name=\"twitter:card\" content=\"summary_large_image\" \/>\n<meta name=\"twitter:label1\" content=\"Est. reading time\" \/>\n\t<meta name=\"twitter:data1\" content=\"1 minute\" \/>\n<script type=\"application\/ld+json\" class=\"yoast-schema-graph\">{\"@context\":\"https:\\\/\\\/schema.org\",\"@graph\":[{\"@type\":\"WebPage\",\"@id\":\"https:\\\/\\\/supportit.com.pl\\\/en\\\/contact\",\"url\":\"https:\\\/\\\/supportit.com.pl\\\/en\\\/contact\",\"name\":\"Contact - Obs\u0142uga informatyczna - SupportIT | 10 lat do\u015bwiadczenia\",\"isPartOf\":{\"@id\":\"https:\\\/\\\/supportit.com.pl\\\/en#website\"},\"datePublished\":\"2020-11-17T10:29:21+00:00\",\"dateModified\":\"2023-08-09T09:26:00+00:00\",\"description\":\"Kompleksowa obs\u0142uga informatyczna firm i instytucji w tym helpdesk, serwis i zakup sprz\u0119tu, sieci komputerowe, RODO, telefonia VoIP i systemy monitoringu.\",\"inLanguage\":\"en-US\",\"potentialAction\":[{\"@type\":\"ReadAction\",\"target\":[\"https:\\\/\\\/supportit.com.pl\\\/en\\\/contact\"]}]},{\"@type\":\"WebSite\",\"@id\":\"https:\\\/\\\/supportit.com.pl\\\/en#website\",\"url\":\"https:\\\/\\\/supportit.com.pl\\\/en\",\"name\":\"SupportIT\",\"description\":\"Outsourcing informatyczny\",\"publisher\":{\"@id\":\"https:\\\/\\\/supportit.com.pl\\\/en#organization\"},\"potentialAction\":[{\"@type\":\"SearchAction\",\"target\":{\"@type\":\"EntryPoint\",\"urlTemplate\":\"https:\\\/\\\/supportit.com.pl\\\/en?s={search_term_string}\"},\"query-input\":{\"@type\":\"PropertyValueSpecification\",\"valueRequired\":true,\"valueName\":\"search_term_string\"}}],\"inLanguage\":\"en-US\"},{\"@type\":\"Organization\",\"@id\":\"https:\\\/\\\/supportit.com.pl\\\/en#organization\",\"name\":\"SupportIT\",\"url\":\"https:\\\/\\\/supportit.com.pl\\\/en\",\"logo\":{\"@type\":\"ImageObject\",\"inLanguage\":\"en-US\",\"@id\":\"https:\\\/\\\/supportit.com.pl\\\/en#\\\/schema\\\/logo\\\/image\\\/\",\"url\":\"https:\\\/\\\/supportit.com.pl\\\/wp-content\\\/uploads\\\/2022\\\/08\\\/SupportIT-logo224px-.png\",\"contentUrl\":\"https:\\\/\\\/supportit.com.pl\\\/wp-content\\\/uploads\\\/2022\\\/08\\\/SupportIT-logo224px-.png\",\"width\":224,\"height\":91,\"caption\":\"SupportIT\"},\"image\":{\"@id\":\"https:\\\/\\\/supportit.com.pl\\\/en#\\\/schema\\\/logo\\\/image\\\/\"},\"sameAs\":[\"https:\\\/\\\/www.facebook.com\\\/SupportIT.Poznan\\\/\",\"https:\\\/\\\/pl.linkedin.com\\\/company\\\/supportit-pl\",\"https:\\\/\\\/www.instagram.com\\\/supportit_pl\\\/\"]}]}<\/script>\n<!-- \/ Yoast SEO plugin. -->","yoast_head_json":{"title":"Contact - Obs\u0142uga informatyczna - SupportIT | 10 lat do\u015bwiadczenia","description":"Kompleksowa obs\u0142uga informatyczna firm i instytucji w tym helpdesk, serwis i zakup sprz\u0119tu, sieci komputerowe, RODO, telefonia VoIP i systemy monitoringu.","robots":{"index":"index","follow":"follow","max-snippet":"max-snippet:-1","max-image-preview":"max-image-preview:large","max-video-preview":"max-video-preview:-1"},"canonical":"https:\/\/supportit.com.pl\/en\/contact","og_locale":"en_US","og_type":"article","og_title":"Contact - Obs\u0142uga informatyczna - SupportIT | 10 lat do\u015bwiadczenia","og_description":"Kompleksowa obs\u0142uga informatyczna firm i instytucji w tym helpdesk, serwis i zakup sprz\u0119tu, sieci komputerowe, RODO, telefonia VoIP i systemy monitoringu.","og_url":"https:\/\/supportit.com.pl\/en\/contact","og_site_name":"SupportIT","article_publisher":"https:\/\/www.facebook.com\/SupportIT.Poznan\/","article_modified_time":"2023-08-09T09:26:00+00:00","og_image":[{"width":1893,"height":1080,"url":"https:\/\/supportit.com.pl\/wp-content\/uploads\/2023\/04\/supportit.com_.pl_.jpg","type":"image\/jpeg"}],"twitter_card":"summary_large_image","twitter_misc":{"Est. reading time":"1 minute"},"schema":{"@context":"https:\/\/schema.org","@graph":[{"@type":"WebPage","@id":"https:\/\/supportit.com.pl\/en\/contact","url":"https:\/\/supportit.com.pl\/en\/contact","name":"Contact - Obs\u0142uga informatyczna - SupportIT | 10 lat do\u015bwiadczenia","isPartOf":{"@id":"https:\/\/supportit.com.pl\/en#website"},"datePublished":"2020-11-17T10:29:21+00:00","dateModified":"2023-08-09T09:26:00+00:00","description":"Kompleksowa obs\u0142uga informatyczna firm i instytucji w tym helpdesk, serwis i zakup sprz\u0119tu, sieci komputerowe, RODO, telefonia VoIP i systemy monitoringu.","inLanguage":"en-US","potentialAction":[{"@type":"ReadAction","target":["https:\/\/supportit.com.pl\/en\/contact"]}]},{"@type":"WebSite","@id":"https:\/\/supportit.com.pl\/en#website","url":"https:\/\/supportit.com.pl\/en","name":"SupportIT","description":"Outsourcing informatyczny","publisher":{"@id":"https:\/\/supportit.com.pl\/en#organization"},"potentialAction":[{"@type":"SearchAction","target":{"@type":"EntryPoint","urlTemplate":"https:\/\/supportit.com.pl\/en?s={search_term_string}"},"query-input":{"@type":"PropertyValueSpecification","valueRequired":true,"valueName":"search_term_string"}}],"inLanguage":"en-US"},{"@type":"Organization","@id":"https:\/\/supportit.com.pl\/en#organization","name":"SupportIT","url":"https:\/\/supportit.com.pl\/en","logo":{"@type":"ImageObject","inLanguage":"en-US","@id":"https:\/\/supportit.com.pl\/en#\/schema\/logo\/image\/","url":"https:\/\/supportit.com.pl\/wp-content\/uploads\/2022\/08\/SupportIT-logo224px-.png","contentUrl":"https:\/\/supportit.com.pl\/wp-content\/uploads\/2022\/08\/SupportIT-logo224px-.png","width":224,"height":91,"caption":"SupportIT"},"image":{"@id":"https:\/\/supportit.com.pl\/en#\/schema\/logo\/image\/"},"sameAs":["https:\/\/www.facebook.com\/SupportIT.Poznan\/","https:\/\/pl.linkedin.com\/company\/supportit-pl","https:\/\/www.instagram.com\/supportit_pl\/"]}]}},"_links":{"self":[{"href":"https:\/\/supportit.com.pl\/en\/wp-json\/wp\/v2\/pages\/27303","targetHints":{"allow":["GET"]}}],"collection":[{"href":"https:\/\/supportit.com.pl\/en\/wp-json\/wp\/v2\/pages"}],"about":[{"href":"https:\/\/supportit.com.pl\/en\/wp-json\/wp\/v2\/types\/page"}],"author":[{"embeddable":true,"href":"https:\/\/supportit.com.pl\/en\/wp-json\/wp\/v2\/users\/1"}],"replies":[{"embeddable":true,"href":"https:\/\/supportit.com.pl\/en\/wp-json\/wp\/v2\/comments?post=27303"}],"version-history":[{"count":4,"href":"https:\/\/supportit.com.pl\/en\/wp-json\/wp\/v2\/pages\/27303\/revisions"}],"predecessor-version":[{"id":27307,"href":"https:\/\/supportit.com.pl\/en\/wp-json\/wp\/v2\/pages\/27303\/revisions\/27307"}],"wp:attachment":[{"href":"https:\/\/supportit.com.pl\/en\/wp-json\/wp\/v2\/media?parent=27303"}],"curies":[{"name":"wp","href":"https:\/\/api.w.org\/{rel}","templated":true}]}}