{"id":27294,"date":"2023-02-07T11:56:01","date_gmt":"2023-02-07T11:56:01","guid":{"rendered":"https:\/\/supportit.com.pl\/offer\/zdalne-rece"},"modified":"2023-08-09T09:22:04","modified_gmt":"2023-08-09T09:22:04","slug":"zdalne-rece","status":"publish","type":"page","link":"https:\/\/supportit.com.pl\/en\/offer\/zdalne-rece","title":{"rendered":"Remote hands"},"content":{"rendered":"\t\t<div data-elementor-type=\"wp-page\" data-elementor-id=\"27294\" class=\"elementor elementor-27294 elementor-24483\">\n\t\t\t\t\t\t<section class=\"elementor-section elementor-top-section elementor-element elementor-element-4b57759 elementor-section-full_width elementor-section-stretched elementor-section-height-default elementor-section-height-default\" data-id=\"4b57759\" data-element_type=\"section\" data-e-type=\"section\" data-settings=\"{&quot;stretch_section&quot;:&quot;section-stretched&quot;,&quot;background_background&quot;:&quot;classic&quot;,&quot;shape_divider_top&quot;:&quot;triangle-asymmetrical&quot;,&quot;shape_divider_top_negative&quot;:&quot;yes&quot;}\">\n\t\t\t\t\t<div class=\"elementor-shape elementor-shape-top\" aria-hidden=\"true\" data-negative=\"true\">\n\t\t\t<svg xmlns=\"http:\/\/www.w3.org\/2000\/svg\" viewBox=\"0 0 1000 100\" preserveAspectRatio=\"none\">\n\t<path class=\"elementor-shape-fill\" d=\"M737.9,94.7L0,0v100h1000V0L737.9,94.7z\"\/>\n<\/svg>\t\t<\/div>\n\t\t\t\t\t<div class=\"elementor-container elementor-column-gap-default\">\n\t\t\t\t\t<div class=\"elementor-column elementor-col-100 elementor-top-column elementor-element elementor-element-ef7a3ae\" data-id=\"ef7a3ae\" data-element_type=\"column\" data-e-type=\"column\">\n\t\t\t<div class=\"elementor-widget-wrap elementor-element-populated\">\n\t\t\t\t\t\t<section class=\"elementor-section elementor-inner-section elementor-element elementor-element-ff13a6f elementor-section-content-middle elementor-section-boxed elementor-section-height-default elementor-section-height-default\" data-id=\"ff13a6f\" data-element_type=\"section\" data-e-type=\"section\">\n\t\t\t\t\t\t<div class=\"elementor-container elementor-column-gap-default\">\n\t\t\t\t\t<div class=\"elementor-column elementor-col-50 elementor-inner-column elementor-element elementor-element-93be808\" data-id=\"93be808\" data-element_type=\"column\" data-e-type=\"column\">\n\t\t\t<div class=\"elementor-widget-wrap elementor-element-populated\">\n\t\t\t\t\t\t<div class=\"elementor-element elementor-element-15239a1 elementor-widget elementor-widget-rs-image-shabe-animation-effect\" data-id=\"15239a1\" data-element_type=\"widget\" data-e-type=\"widget\" data-widget_type=\"rs-image-shabe-animation-effect.default\">\n\t\t\t\t<div class=\"elementor-widget-container\">\n\t\t\t\t\t\n        <div class=\"rs-animation-shape-image\">\n\n            \n\n                            <div class=\"middle-image\">\n                    <img decoding=\"async\" src=\"https:\/\/supportit.com.pl\/wp-content\/uploads\/2023\/03\/zdalne-rece.png\" alt=\"image\"\/>\n                <\/div>\n            \n\n            \n\n            \n\n\n        <\/div>      \n    \t\t\t\t<\/div>\n\t\t\t\t<\/div>\n\t\t\t\t\t<\/div>\n\t\t<\/div>\n\t\t\t\t<div class=\"elementor-column elementor-col-50 elementor-inner-column elementor-element elementor-element-4b4f015\" data-id=\"4b4f015\" data-element_type=\"column\" data-e-type=\"column\">\n\t\t\t<div class=\"elementor-widget-wrap elementor-element-populated\">\n\t\t\t\t\t\t<div class=\"elementor-element elementor-element-a14ac01 elementor-widget elementor-widget-rs-heading\" data-id=\"a14ac01\" data-element_type=\"widget\" data-e-type=\"widget\" data-widget_type=\"rs-heading.default\">\n\t\t\t\t<div class=\"elementor-widget-container\">\n\t\t\t\t\t        <div class=\"rs-heading default  \">\r\n        \t<div class=\"title-inner\">        \t\t      \t\t\r\n\t            <span class=\"sub-text \">Remote hands<\/span><h2 class=\"title\"><span class=\"watermark\"><\/span>Remote hands<\/h2>\t\t\t\t\t        <\/div>\r\n\t                <\/div>\r\n\r\n        \t\t\t\t<\/div>\n\t\t\t\t<\/div>\n\t\t\t\t<div class=\"elementor-element elementor-element-a9d2bc7 elementor-widget elementor-widget-text-editor\" data-id=\"a9d2bc7\" data-element_type=\"widget\" data-e-type=\"widget\" data-widget_type=\"text-editor.default\">\n\t\t\t\t<div class=\"elementor-widget-container\">\n\t\t\t\t\t\t\t\t\tLocal support service, e.g. for a remote engineer. Most often it consists in the cooperation of our engineer with a network engineer working remotely from other country. In this model, we perform all the necessary physical activities &#8211; assembly, connection, initial configuration, launching remote console access, e.g. using a computer with remote desktop application. Such support may be necessary when implementing routers, switches, servers, arrays or infrastructure switching.\t\t\t\t\t\t\t\t<\/div>\n\t\t\t\t<\/div>\n\t\t\t\t\t<\/div>\n\t\t<\/div>\n\t\t\t\t\t<\/div>\n\t\t<\/section>\n\t\t\t\t\t<\/div>\n\t\t<\/div>\n\t\t\t\t\t<\/div>\n\t\t<\/section>\n\t\t\t\t<section class=\"elementor-section elementor-top-section elementor-element elementor-element-052937d elementor-section-full_width elementor-section-stretched elementor-section-height-default elementor-section-height-default\" data-id=\"052937d\" data-element_type=\"section\" data-e-type=\"section\" data-settings=\"{&quot;stretch_section&quot;:&quot;section-stretched&quot;,&quot;background_background&quot;:&quot;classic&quot;}\">\n\t\t\t\t\t\t\t<div class=\"elementor-background-overlay\"><\/div>\n\t\t\t\t\t\t\t<div class=\"elementor-container elementor-column-gap-default\">\n\t\t\t\t\t<div class=\"elementor-column elementor-col-100 elementor-top-column elementor-element elementor-element-cf59c42\" data-id=\"cf59c42\" data-element_type=\"column\" data-e-type=\"column\">\n\t\t\t<div class=\"elementor-widget-wrap elementor-element-populated\">\n\t\t\t\t\t\t<section class=\"elementor-section elementor-inner-section elementor-element elementor-element-cfc9659 elementor-section-content-middle elementor-section-boxed elementor-section-height-default elementor-section-height-default\" data-id=\"cfc9659\" data-element_type=\"section\" data-e-type=\"section\">\n\t\t\t\t\t\t<div class=\"elementor-container elementor-column-gap-default\">\n\t\t\t\t\t<div class=\"elementor-column elementor-col-50 elementor-inner-column elementor-element elementor-element-2f073e3\" data-id=\"2f073e3\" data-element_type=\"column\" data-e-type=\"column\">\n\t\t\t<div class=\"elementor-widget-wrap elementor-element-populated\">\n\t\t\t\t\t\t<div class=\"elementor-element elementor-element-1c0c61a elementor-widget elementor-widget-text-editor\" data-id=\"1c0c61a\" data-element_type=\"widget\" data-e-type=\"widget\" data-widget_type=\"text-editor.default\">\n\t\t\t\t<div class=\"elementor-widget-container\">\n\t\t\t\t\t\t\t\t\tThanks to our service, IT administrators and specialists can perform various types of activities, such as software installation, hardware configuration, firmware update and more, away from the physical location of the device. We also deal with the physical preparation of structured cabling.\t\t\t\t\t\t\t\t<\/div>\n\t\t\t\t<\/div>\n\t\t\t\t<div class=\"elementor-element elementor-element-038a563 elementor-widget elementor-widget-text-editor\" data-id=\"038a563\" data-element_type=\"widget\" data-e-type=\"widget\" data-widget_type=\"text-editor.default\">\n\t\t\t\t<div class=\"elementor-widget-container\">\n\t\t\t\t\t\t\t\t\tThe advantages of using the Remote Hands offered by SupportIT include saving time and money. You don&#8217;t have to hire additional IT specialists or incur travel and accommodation costs to access your servers and devices. We will ensure high security standards, which means that customers can be sure that their data and equipment are safe.\t\t\t\t\t\t\t\t<\/div>\n\t\t\t\t<\/div>\n\t\t\t\t<div class=\"elementor-element elementor-element-6f56350 elementor-widget elementor-widget-text-editor\" data-id=\"6f56350\" data-element_type=\"widget\" data-e-type=\"widget\" data-widget_type=\"text-editor.default\">\n\t\t\t\t<div class=\"elementor-widget-container\">\n\t\t\t\t\t\t\t\t\tOur staff consists of qualified specialists who speak English along with Cisco, Mikrotik, StormShield, Oracle and many other certifications. In our team you will find CCNA, MTCRE, MTCNA, CSNA engineers and many others.\t\t\t\t\t\t\t\t<\/div>\n\t\t\t\t<\/div>\n\t\t\t\t\t<\/div>\n\t\t<\/div>\n\t\t\t\t<div class=\"elementor-column elementor-col-50 elementor-inner-column elementor-element elementor-element-ae5622b\" data-id=\"ae5622b\" data-element_type=\"column\" data-e-type=\"column\">\n\t\t\t<div class=\"elementor-widget-wrap elementor-element-populated\">\n\t\t\t\t\t\t<div class=\"elementor-element elementor-element-3ec41b4 elementor-widget elementor-widget-rs-image-shabe-animation-effect\" data-id=\"3ec41b4\" data-element_type=\"widget\" data-e-type=\"widget\" data-widget_type=\"rs-image-shabe-animation-effect.default\">\n\t\t\t\t<div class=\"elementor-widget-container\">\n\t\t\t\t\t\n        <div class=\"rs-animation-shape-image\">\n\n            \n\n                            <div class=\"middle-image\">\n                    <img decoding=\"async\" src=\"https:\/\/supportit.com.pl\/wp-content\/uploads\/2023\/01\/plamy.png\" alt=\"image\"\/>\n                <\/div>\n            \n\n                            <div class=\"shape\">\n                    <img decoding=\"async\" class=\"dance\" src=\"https:\/\/supportit.com.pl\/wp-content\/uploads\/2023\/01\/kropki-kolo.png\" alt=\"image\"\/>\n                <\/div>\n            \n\n            \n\n\n        <\/div>      \n    \t\t\t\t<\/div>\n\t\t\t\t<\/div>\n\t\t\t\t\t<\/div>\n\t\t<\/div>\n\t\t\t\t\t<\/div>\n\t\t<\/section>\n\t\t\t\t\t<\/div>\n\t\t<\/div>\n\t\t\t\t\t<\/div>\n\t\t<\/section>\n\t\t\t\t<\/div>\n\t\t","protected":false},"excerpt":{"rendered":"<p>Remote hands Remote hands Local support service, e.g. for a remote engineer. Most often it consists in the cooperation of our engineer with a network engineer working remotely from other country. In this model, we perform all the necessary physical activities &#8211; assembly, connection, initial configuration, launching remote console access, e.g. using a computer with&#8230;<\/p>\n","protected":false},"author":1,"featured_media":0,"parent":27263,"menu_order":0,"comment_status":"closed","ping_status":"closed","template":"","meta":{"inline_featured_image":false,"footnotes":""},"class_list":["post-27294","page","type-page","status-publish","hentry"],"yoast_head":"<!-- This site is optimized with the Yoast SEO plugin v27.5 - https:\/\/yoast.com\/product\/yoast-seo-wordpress\/ -->\n<title>Remote hands - SupportIT | 10 lat do\u015bwiadczenia<\/title>\n<meta name=\"description\" content=\"Us\u0142uga wsparcia lokalnego np. dla in\u017cyniera zdalnego. Najcz\u0119\u015bciej polega ona na wsp\u00f3\u0142pracy naszego in\u017cyniera z in\u017cynierem sieciowym pracuj\u0105cym zdalnie.\" \/>\n<meta name=\"robots\" content=\"index, follow, max-snippet:-1, max-image-preview:large, max-video-preview:-1\" \/>\n<link rel=\"canonical\" href=\"https:\/\/supportit.com.pl\/en\/offer\/zdalne-rece\" \/>\n<meta property=\"og:locale\" content=\"en_US\" \/>\n<meta property=\"og:type\" content=\"article\" \/>\n<meta property=\"og:title\" content=\"Remote hands - SupportIT | 10 lat do\u015bwiadczenia\" \/>\n<meta property=\"og:description\" content=\"Us\u0142uga wsparcia lokalnego np. dla in\u017cyniera zdalnego. Najcz\u0119\u015bciej polega ona na wsp\u00f3\u0142pracy naszego in\u017cyniera z in\u017cynierem sieciowym pracuj\u0105cym zdalnie.\" \/>\n<meta property=\"og:url\" content=\"https:\/\/supportit.com.pl\/en\/offer\/zdalne-rece\" \/>\n<meta property=\"og:site_name\" content=\"SupportIT\" \/>\n<meta property=\"article:publisher\" content=\"https:\/\/www.facebook.com\/SupportIT.Poznan\/\" \/>\n<meta property=\"article:modified_time\" content=\"2023-08-09T09:22:04+00:00\" \/>\n<meta property=\"og:image\" content=\"https:\/\/supportit.com.pl\/wp-content\/uploads\/2023\/03\/zdalne-rece.png\" \/>\n<meta name=\"twitter:card\" content=\"summary_large_image\" \/>\n<meta name=\"twitter:label1\" content=\"Est. reading time\" \/>\n\t<meta name=\"twitter:data1\" content=\"2 minutes\" \/>\n<script type=\"application\/ld+json\" class=\"yoast-schema-graph\">{\"@context\":\"https:\\\/\\\/schema.org\",\"@graph\":[{\"@type\":\"WebPage\",\"@id\":\"https:\\\/\\\/supportit.com.pl\\\/en\\\/offer\\\/zdalne-rece\",\"url\":\"https:\\\/\\\/supportit.com.pl\\\/en\\\/offer\\\/zdalne-rece\",\"name\":\"Remote hands - SupportIT | 10 lat do\u015bwiadczenia\",\"isPartOf\":{\"@id\":\"https:\\\/\\\/supportit.com.pl\\\/en#website\"},\"primaryImageOfPage\":{\"@id\":\"https:\\\/\\\/supportit.com.pl\\\/en\\\/offer\\\/zdalne-rece#primaryimage\"},\"image\":{\"@id\":\"https:\\\/\\\/supportit.com.pl\\\/en\\\/offer\\\/zdalne-rece#primaryimage\"},\"thumbnailUrl\":\"https:\\\/\\\/supportit.com.pl\\\/wp-content\\\/uploads\\\/2023\\\/03\\\/zdalne-rece.png\",\"datePublished\":\"2023-02-07T11:56:01+00:00\",\"dateModified\":\"2023-08-09T09:22:04+00:00\",\"description\":\"Us\u0142uga wsparcia lokalnego np. dla in\u017cyniera zdalnego. Najcz\u0119\u015bciej polega ona na wsp\u00f3\u0142pracy naszego in\u017cyniera z in\u017cynierem sieciowym pracuj\u0105cym zdalnie.\",\"breadcrumb\":{\"@id\":\"https:\\\/\\\/supportit.com.pl\\\/en\\\/offer\\\/zdalne-rece#breadcrumb\"},\"inLanguage\":\"en-US\",\"potentialAction\":[{\"@type\":\"ReadAction\",\"target\":[\"https:\\\/\\\/supportit.com.pl\\\/en\\\/offer\\\/zdalne-rece\"]}]},{\"@type\":\"ImageObject\",\"inLanguage\":\"en-US\",\"@id\":\"https:\\\/\\\/supportit.com.pl\\\/en\\\/offer\\\/zdalne-rece#primaryimage\",\"url\":\"https:\\\/\\\/supportit.com.pl\\\/wp-content\\\/uploads\\\/2023\\\/03\\\/zdalne-rece.png\",\"contentUrl\":\"https:\\\/\\\/supportit.com.pl\\\/wp-content\\\/uploads\\\/2023\\\/03\\\/zdalne-rece.png\"},{\"@type\":\"BreadcrumbList\",\"@id\":\"https:\\\/\\\/supportit.com.pl\\\/en\\\/offer\\\/zdalne-rece#breadcrumb\",\"itemListElement\":[{\"@type\":\"ListItem\",\"position\":1,\"name\":\"Offer\",\"item\":\"https:\\\/\\\/supportit.com.pl\\\/en\\\/offer\"},{\"@type\":\"ListItem\",\"position\":2,\"name\":\"Remote hands\"}]},{\"@type\":\"WebSite\",\"@id\":\"https:\\\/\\\/supportit.com.pl\\\/en#website\",\"url\":\"https:\\\/\\\/supportit.com.pl\\\/en\",\"name\":\"SupportIT\",\"description\":\"Outsourcing informatyczny\",\"publisher\":{\"@id\":\"https:\\\/\\\/supportit.com.pl\\\/en#organization\"},\"potentialAction\":[{\"@type\":\"SearchAction\",\"target\":{\"@type\":\"EntryPoint\",\"urlTemplate\":\"https:\\\/\\\/supportit.com.pl\\\/en?s={search_term_string}\"},\"query-input\":{\"@type\":\"PropertyValueSpecification\",\"valueRequired\":true,\"valueName\":\"search_term_string\"}}],\"inLanguage\":\"en-US\"},{\"@type\":\"Organization\",\"@id\":\"https:\\\/\\\/supportit.com.pl\\\/en#organization\",\"name\":\"SupportIT\",\"url\":\"https:\\\/\\\/supportit.com.pl\\\/en\",\"logo\":{\"@type\":\"ImageObject\",\"inLanguage\":\"en-US\",\"@id\":\"https:\\\/\\\/supportit.com.pl\\\/en#\\\/schema\\\/logo\\\/image\\\/\",\"url\":\"https:\\\/\\\/supportit.com.pl\\\/wp-content\\\/uploads\\\/2022\\\/08\\\/SupportIT-logo224px-.png\",\"contentUrl\":\"https:\\\/\\\/supportit.com.pl\\\/wp-content\\\/uploads\\\/2022\\\/08\\\/SupportIT-logo224px-.png\",\"width\":224,\"height\":91,\"caption\":\"SupportIT\"},\"image\":{\"@id\":\"https:\\\/\\\/supportit.com.pl\\\/en#\\\/schema\\\/logo\\\/image\\\/\"},\"sameAs\":[\"https:\\\/\\\/www.facebook.com\\\/SupportIT.Poznan\\\/\",\"https:\\\/\\\/pl.linkedin.com\\\/company\\\/supportit-pl\",\"https:\\\/\\\/www.instagram.com\\\/supportit_pl\\\/\"]}]}<\/script>\n<!-- \/ Yoast SEO plugin. -->","yoast_head_json":{"title":"Remote hands - SupportIT | 10 lat do\u015bwiadczenia","description":"Us\u0142uga wsparcia lokalnego np. dla in\u017cyniera zdalnego. Najcz\u0119\u015bciej polega ona na wsp\u00f3\u0142pracy naszego in\u017cyniera z in\u017cynierem sieciowym pracuj\u0105cym zdalnie.","robots":{"index":"index","follow":"follow","max-snippet":"max-snippet:-1","max-image-preview":"max-image-preview:large","max-video-preview":"max-video-preview:-1"},"canonical":"https:\/\/supportit.com.pl\/en\/offer\/zdalne-rece","og_locale":"en_US","og_type":"article","og_title":"Remote hands - SupportIT | 10 lat do\u015bwiadczenia","og_description":"Us\u0142uga wsparcia lokalnego np. dla in\u017cyniera zdalnego. Najcz\u0119\u015bciej polega ona na wsp\u00f3\u0142pracy naszego in\u017cyniera z in\u017cynierem sieciowym pracuj\u0105cym zdalnie.","og_url":"https:\/\/supportit.com.pl\/en\/offer\/zdalne-rece","og_site_name":"SupportIT","article_publisher":"https:\/\/www.facebook.com\/SupportIT.Poznan\/","article_modified_time":"2023-08-09T09:22:04+00:00","og_image":[{"url":"https:\/\/supportit.com.pl\/wp-content\/uploads\/2023\/03\/zdalne-rece.png","type":"","width":"","height":""}],"twitter_card":"summary_large_image","twitter_misc":{"Est. reading time":"2 minutes"},"schema":{"@context":"https:\/\/schema.org","@graph":[{"@type":"WebPage","@id":"https:\/\/supportit.com.pl\/en\/offer\/zdalne-rece","url":"https:\/\/supportit.com.pl\/en\/offer\/zdalne-rece","name":"Remote hands - SupportIT | 10 lat do\u015bwiadczenia","isPartOf":{"@id":"https:\/\/supportit.com.pl\/en#website"},"primaryImageOfPage":{"@id":"https:\/\/supportit.com.pl\/en\/offer\/zdalne-rece#primaryimage"},"image":{"@id":"https:\/\/supportit.com.pl\/en\/offer\/zdalne-rece#primaryimage"},"thumbnailUrl":"https:\/\/supportit.com.pl\/wp-content\/uploads\/2023\/03\/zdalne-rece.png","datePublished":"2023-02-07T11:56:01+00:00","dateModified":"2023-08-09T09:22:04+00:00","description":"Us\u0142uga wsparcia lokalnego np. dla in\u017cyniera zdalnego. Najcz\u0119\u015bciej polega ona na wsp\u00f3\u0142pracy naszego in\u017cyniera z in\u017cynierem sieciowym pracuj\u0105cym zdalnie.","breadcrumb":{"@id":"https:\/\/supportit.com.pl\/en\/offer\/zdalne-rece#breadcrumb"},"inLanguage":"en-US","potentialAction":[{"@type":"ReadAction","target":["https:\/\/supportit.com.pl\/en\/offer\/zdalne-rece"]}]},{"@type":"ImageObject","inLanguage":"en-US","@id":"https:\/\/supportit.com.pl\/en\/offer\/zdalne-rece#primaryimage","url":"https:\/\/supportit.com.pl\/wp-content\/uploads\/2023\/03\/zdalne-rece.png","contentUrl":"https:\/\/supportit.com.pl\/wp-content\/uploads\/2023\/03\/zdalne-rece.png"},{"@type":"BreadcrumbList","@id":"https:\/\/supportit.com.pl\/en\/offer\/zdalne-rece#breadcrumb","itemListElement":[{"@type":"ListItem","position":1,"name":"Offer","item":"https:\/\/supportit.com.pl\/en\/offer"},{"@type":"ListItem","position":2,"name":"Remote hands"}]},{"@type":"WebSite","@id":"https:\/\/supportit.com.pl\/en#website","url":"https:\/\/supportit.com.pl\/en","name":"SupportIT","description":"Outsourcing informatyczny","publisher":{"@id":"https:\/\/supportit.com.pl\/en#organization"},"potentialAction":[{"@type":"SearchAction","target":{"@type":"EntryPoint","urlTemplate":"https:\/\/supportit.com.pl\/en?s={search_term_string}"},"query-input":{"@type":"PropertyValueSpecification","valueRequired":true,"valueName":"search_term_string"}}],"inLanguage":"en-US"},{"@type":"Organization","@id":"https:\/\/supportit.com.pl\/en#organization","name":"SupportIT","url":"https:\/\/supportit.com.pl\/en","logo":{"@type":"ImageObject","inLanguage":"en-US","@id":"https:\/\/supportit.com.pl\/en#\/schema\/logo\/image\/","url":"https:\/\/supportit.com.pl\/wp-content\/uploads\/2022\/08\/SupportIT-logo224px-.png","contentUrl":"https:\/\/supportit.com.pl\/wp-content\/uploads\/2022\/08\/SupportIT-logo224px-.png","width":224,"height":91,"caption":"SupportIT"},"image":{"@id":"https:\/\/supportit.com.pl\/en#\/schema\/logo\/image\/"},"sameAs":["https:\/\/www.facebook.com\/SupportIT.Poznan\/","https:\/\/pl.linkedin.com\/company\/supportit-pl","https:\/\/www.instagram.com\/supportit_pl\/"]}]}},"_links":{"self":[{"href":"https:\/\/supportit.com.pl\/en\/wp-json\/wp\/v2\/pages\/27294","targetHints":{"allow":["GET"]}}],"collection":[{"href":"https:\/\/supportit.com.pl\/en\/wp-json\/wp\/v2\/pages"}],"about":[{"href":"https:\/\/supportit.com.pl\/en\/wp-json\/wp\/v2\/types\/page"}],"author":[{"embeddable":true,"href":"https:\/\/supportit.com.pl\/en\/wp-json\/wp\/v2\/users\/1"}],"replies":[{"embeddable":true,"href":"https:\/\/supportit.com.pl\/en\/wp-json\/wp\/v2\/comments?post=27294"}],"version-history":[{"count":7,"href":"https:\/\/supportit.com.pl\/en\/wp-json\/wp\/v2\/pages\/27294\/revisions"}],"predecessor-version":[{"id":27301,"href":"https:\/\/supportit.com.pl\/en\/wp-json\/wp\/v2\/pages\/27294\/revisions\/27301"}],"up":[{"embeddable":true,"href":"https:\/\/supportit.com.pl\/en\/wp-json\/wp\/v2\/pages\/27263"}],"wp:attachment":[{"href":"https:\/\/supportit.com.pl\/en\/wp-json\/wp\/v2\/media?parent=27294"}],"curies":[{"name":"wp","href":"https:\/\/api.w.org\/{rel}","templated":true}]}}